{"id":3416,"date":"2022-11-16T17:06:55","date_gmt":"2022-11-16T17:06:55","guid":{"rendered":"https:\/\/moroccancitrus.de\/calendrier-des-recoltes"},"modified":"2023-11-15T10:13:27","modified_gmt":"2023-11-15T10:13:27","slug":"calendrier-des-recoltes","status":"publish","type":"page","link":"https:\/\/moroccancitrus.de\/fr\/calendrier-des-recoltes","title":{"rendered":"Calendrier des r\u00e9coltes"},"content":{"rendered":"\t\t<div data-elementor-type=\"wp-page\" data-elementor-id=\"3416\" class=\"elementor elementor-3416\" data-elementor-post-type=\"page\">\n\t\t\t\t\t\t<section class=\"elementor-section elementor-top-section elementor-element elementor-element-a5f7814 elementor-section-boxed elementor-section-height-default elementor-section-height-default\" data-id=\"a5f7814\" data-element_type=\"section\" data-e-type=\"section\" data-settings=\"{&quot;background_background&quot;:&quot;classic&quot;}\">\n\t\t\t\t\t\t<div class=\"elementor-container elementor-column-gap-default\">\n\t\t\t\t\t<div class=\"elementor-column elementor-col-100 elementor-top-column elementor-element elementor-element-a4f2a89\" data-id=\"a4f2a89\" data-element_type=\"column\" data-e-type=\"column\">\n\t\t\t<div class=\"elementor-widget-wrap elementor-element-populated\">\n\t\t\t\t\t\t<div class=\"elementor-element elementor-element-2a37fad elementor-widget elementor-widget-global elementor-global-966 elementor-widget-woocommerce-breadcrumb\" data-id=\"2a37fad\" data-element_type=\"widget\" data-e-type=\"widget\" data-widget_type=\"woocommerce-breadcrumb.default\">\n\t\t\t\t<div class=\"elementor-widget-container\">\n\t\t\t\t\t<nav class=\"woocommerce-breadcrumb\" aria-label=\"Breadcrumb\">Accueil<\/nav>\t\t\t\t<\/div>\n\t\t\t\t<\/div>\n\t\t\t\t\t<\/div>\n\t\t<\/div>\n\t\t\t\t\t<\/div>\n\t\t<\/section>\n\t\t\t\t<section class=\"elementor-section elementor-top-section elementor-element elementor-element-1bf88e78 elementor-section-height-min-height elementor-section-boxed elementor-section-height-default elementor-section-items-middle\" data-id=\"1bf88e78\" data-element_type=\"section\" data-e-type=\"section\" data-settings=\"{&quot;background_background&quot;:&quot;classic&quot;}\">\n\t\t\t\t\t\t\t<div class=\"elementor-background-overlay\"><\/div>\n\t\t\t\t\t\t\t<div class=\"elementor-container elementor-column-gap-default\">\n\t\t\t\t\t<div class=\"elementor-column elementor-col-100 elementor-top-column elementor-element elementor-element-51dd08cd\" data-id=\"51dd08cd\" data-element_type=\"column\" data-e-type=\"column\">\n\t\t\t<div class=\"elementor-widget-wrap\">\n\t\t\t\t\t\t\t<\/div>\n\t\t<\/div>\n\t\t\t\t\t<\/div>\n\t\t<\/section>\n\t\t\t\t<section class=\"elementor-section elementor-top-section elementor-element elementor-element-4f14e1a elementor-section-boxed elementor-section-height-default elementor-section-height-default\" data-id=\"4f14e1a\" data-element_type=\"section\" data-e-type=\"section\" data-settings=\"{&quot;background_background&quot;:&quot;classic&quot;}\">\n\t\t\t\t\t\t<div class=\"elementor-container elementor-column-gap-default\">\n\t\t\t\t\t<div class=\"elementor-column elementor-col-100 elementor-top-column elementor-element elementor-element-747b6af\" data-id=\"747b6af\" data-element_type=\"column\" data-e-type=\"column\">\n\t\t\t<div class=\"elementor-widget-wrap elementor-element-populated\">\n\t\t\t\t\t\t<div class=\"elementor-element elementor-element-2287fc2 elementor-widget elementor-widget-heading\" data-id=\"2287fc2\" data-element_type=\"widget\" data-e-type=\"widget\" data-widget_type=\"heading.default\">\n\t\t\t\t<div class=\"elementor-widget-container\">\n\t\t\t\t\t<h1 class=\"elementor-heading-title elementor-size-default\">Calendrier des r\u00e9coltes<\/h1>\t\t\t\t<\/div>\n\t\t\t\t<\/div>\n\t\t\t\t\t<\/div>\n\t\t<\/div>\n\t\t\t\t\t<\/div>\n\t\t<\/section>\n\t\t\t\t<section class=\"elementor-section elementor-top-section elementor-element elementor-element-8bd70fa elementor-section-boxed elementor-section-height-default elementor-section-height-default\" data-id=\"8bd70fa\" data-element_type=\"section\" data-e-type=\"section\">\n\t\t\t\t\t\t<div class=\"elementor-container elementor-column-gap-default\">\n\t\t\t\t\t<div class=\"elementor-column elementor-col-100 elementor-top-column elementor-element elementor-element-a118a5d\" data-id=\"a118a5d\" data-element_type=\"column\" data-e-type=\"column\">\n\t\t\t<div class=\"elementor-widget-wrap elementor-element-populated\">\n\t\t\t\t\t\t<div class=\"elementor-element elementor-element-529f80f elementor-widget-divider--view-line elementor-widget elementor-widget-divider\" data-id=\"529f80f\" data-element_type=\"widget\" data-e-type=\"widget\" data-widget_type=\"divider.default\">\n\t\t\t\t<div class=\"elementor-widget-container\">\n\t\t\t\t\t\t\t<div class=\"elementor-divider\">\n\t\t\t<span class=\"elementor-divider-separator\">\n\t\t\t\t\t\t<\/span>\n\t\t<\/div>\n\t\t\t\t\t\t<\/div>\n\t\t\t\t<\/div>\n\t\t\t\t<div class=\"elementor-element elementor-element-442334f elementor-widget elementor-widget-text-editor\" data-id=\"442334f\" data-element_type=\"widget\" data-e-type=\"widget\" data-widget_type=\"text-editor.default\">\n\t\t\t\t<div class=\"elementor-widget-container\">\n\t\t\t\t\t\t\t\t\t<p>Gr\u00e2ce \u00e0 notre grand nombre de producteurs, nous sommes en mesure de fournir des agrumes cultiv\u00e9s sur place presque toute l&#8217;ann\u00e9e.<\/p>\n\t\t\t\t\t\t\t\t<\/div>\n\t\t\t\t<\/div>\n\t\t\t\t<div class=\"elementor-element elementor-element-b3c79ca elementor-widget-divider--view-line elementor-widget elementor-widget-divider\" data-id=\"b3c79ca\" data-element_type=\"widget\" data-e-type=\"widget\" data-widget_type=\"divider.default\">\n\t\t\t\t<div class=\"elementor-widget-container\">\n\t\t\t\t\t\t\t<div class=\"elementor-divider\">\n\t\t\t<span class=\"elementor-divider-separator\">\n\t\t\t\t\t\t<\/span>\n\t\t<\/div>\n\t\t\t\t\t\t<\/div>\n\t\t\t\t<\/div>\n\t\t\t\t\t<\/div>\n\t\t<\/div>\n\t\t\t\t\t<\/div>\n\t\t<\/section>\n\t\t\t\t<section class=\"elementor-section elementor-top-section elementor-element elementor-element-b7985b3 elementor-section-boxed elementor-section-height-default elementor-section-height-default\" data-id=\"b7985b3\" data-element_type=\"section\" data-e-type=\"section\">\n\t\t\t\t\t\t<div class=\"elementor-container elementor-column-gap-default\">\n\t\t\t\t\t<div class=\"elementor-column elementor-col-100 elementor-top-column elementor-element elementor-element-c5a3557\" data-id=\"c5a3557\" data-element_type=\"column\" data-e-type=\"column\">\n\t\t\t<div class=\"elementor-widget-wrap elementor-element-populated\">\n\t\t\t\t\t\t<div class=\"elementor-element elementor-element-99d19bd elementor-widget elementor-widget-image\" data-id=\"99d19bd\" data-element_type=\"widget\" data-e-type=\"widget\" data-widget_type=\"image.default\">\n\t\t\t\t<div class=\"elementor-widget-container\">\n\t\t\t\t\t\t\t\t\t\t\t\t\t\t\t<img fetchpriority=\"high\" decoding=\"async\" width=\"1042\" height=\"905\" src=\"https:\/\/moroccancitrus.de\/wp-content\/uploads\/2022\/11\/HarvestCalendar.jpg\" class=\"attachment-full size-full wp-image-2374\" alt=\"Erntekalender\" srcset=\"https:\/\/moroccancitrus.de\/wp-content\/uploads\/2022\/11\/HarvestCalendar.jpg 1042w, https:\/\/moroccancitrus.de\/wp-content\/uploads\/2022\/11\/HarvestCalendar-300x261.jpg 300w, https:\/\/moroccancitrus.de\/wp-content\/uploads\/2022\/11\/HarvestCalendar-1024x889.jpg 1024w, https:\/\/moroccancitrus.de\/wp-content\/uploads\/2022\/11\/HarvestCalendar-768x667.jpg 768w, https:\/\/moroccancitrus.de\/wp-content\/uploads\/2022\/11\/HarvestCalendar-600x521.jpg 600w\" sizes=\"(max-width: 1042px) 100vw, 1042px\" title=\"\">\t\t\t\t\t\t\t\t\t\t\t\t\t\t\t<\/div>\n\t\t\t\t<\/div>\n\t\t\t\t\t<\/div>\n\t\t<\/div>\n\t\t\t\t\t<\/div>\n\t\t<\/section>\n\t\t\t\t<\/div>\n\t\t","protected":false},"excerpt":{"rendered":"<p>Calendrier des r\u00e9coltes Gr\u00e2ce \u00e0 notre grand nombre de producteurs, nous sommes en mesure de fournir des agrumes cultiv\u00e9s sur place presque toute l&#8217;ann\u00e9e. Contact Bureau Maroc Mohamed Chebak +49 (0) 15678664444 contact@moroccancitrus.com Avenue Hassan II Imm N\u00b055 App N\u00b06, Beni Mellal Service Produits Contact Carri\u00e8re chez nous Calendrier des r\u00e9coltes \u00c0 propos de nous [&hellip;]<\/p>\n","protected":false},"author":1,"featured_media":0,"parent":0,"menu_order":99,"comment_status":"closed","ping_status":"closed","template":"","meta":{"footnotes":""},"class_list":["post-3416","page","type-page","status-publish","hentry"],"jetpack_sharing_enabled":true,"_links":{"self":[{"href":"https:\/\/moroccancitrus.de\/fr\/wp-json\/wp\/v2\/pages\/3416","targetHints":{"allow":["GET"]}}],"collection":[{"href":"https:\/\/moroccancitrus.de\/fr\/wp-json\/wp\/v2\/pages"}],"about":[{"href":"https:\/\/moroccancitrus.de\/fr\/wp-json\/wp\/v2\/types\/page"}],"author":[{"embeddable":true,"href":"https:\/\/moroccancitrus.de\/fr\/wp-json\/wp\/v2\/users\/1"}],"replies":[{"embeddable":true,"href":"https:\/\/moroccancitrus.de\/fr\/wp-json\/wp\/v2\/comments?post=3416"}],"version-history":[{"count":2,"href":"https:\/\/moroccancitrus.de\/fr\/wp-json\/wp\/v2\/pages\/3416\/revisions"}],"predecessor-version":[{"id":3681,"href":"https:\/\/moroccancitrus.de\/fr\/wp-json\/wp\/v2\/pages\/3416\/revisions\/3681"}],"wp:attachment":[{"href":"https:\/\/moroccancitrus.de\/fr\/wp-json\/wp\/v2\/media?parent=3416"}],"curies":[{"name":"wp","href":"https:\/\/api.w.org\/{rel}","templated":true}]}}