{"id":3377,"date":"2022-11-17T14:54:22","date_gmt":"2022-11-17T14:54:22","guid":{"rendered":"https:\/\/moroccancitrus.de\/conditions-generales-de-vente"},"modified":"2023-11-15T10:08:14","modified_gmt":"2023-11-15T10:08:14","slug":"conditions-generales-de-vente","status":"publish","type":"page","link":"https:\/\/moroccancitrus.de\/fr\/conditions-generales-de-vente","title":{"rendered":"CONDITIONS G\u00c9N\u00c9RALES DE VENTE"},"content":{"rendered":"\t\t<div data-elementor-type=\"wp-page\" data-elementor-id=\"3377\" class=\"elementor elementor-3377\" data-elementor-post-type=\"page\">\n\t\t\t\t\t\t<section class=\"elementor-section elementor-top-section elementor-element elementor-element-a63a126 elementor-section-boxed elementor-section-height-default elementor-section-height-default\" data-id=\"a63a126\" data-element_type=\"section\" data-e-type=\"section\" data-settings=\"{&quot;background_background&quot;:&quot;classic&quot;}\">\n\t\t\t\t\t\t<div class=\"elementor-container elementor-column-gap-default\">\n\t\t\t\t\t<div class=\"elementor-column elementor-col-100 elementor-top-column elementor-element elementor-element-5860613\" data-id=\"5860613\" data-element_type=\"column\" data-e-type=\"column\">\n\t\t\t<div class=\"elementor-widget-wrap elementor-element-populated\">\n\t\t\t\t\t\t<div class=\"elementor-element elementor-element-7f3eb91 elementor-widget elementor-widget-global elementor-global-966 elementor-widget-woocommerce-breadcrumb\" data-id=\"7f3eb91\" data-element_type=\"widget\" data-e-type=\"widget\" data-widget_type=\"woocommerce-breadcrumb.default\">\n\t\t\t\t<div class=\"elementor-widget-container\">\n\t\t\t\t\t<nav class=\"woocommerce-breadcrumb\" aria-label=\"Breadcrumb\">Accueil<\/nav>\t\t\t\t<\/div>\n\t\t\t\t<\/div>\n\t\t\t\t\t<\/div>\n\t\t<\/div>\n\t\t\t\t\t<\/div>\n\t\t<\/section>\n\t\t\t\t<section class=\"elementor-section elementor-top-section elementor-element elementor-element-6d314311 elementor-section-height-min-height elementor-section-boxed elementor-section-height-default elementor-section-items-middle\" data-id=\"6d314311\" data-element_type=\"section\" data-e-type=\"section\" data-settings=\"{&quot;background_background&quot;:&quot;classic&quot;}\">\n\t\t\t\t\t\t<div class=\"elementor-container elementor-column-gap-default\">\n\t\t\t\t\t<div class=\"elementor-column elementor-col-100 elementor-top-column elementor-element elementor-element-2f73fc6b\" data-id=\"2f73fc6b\" data-element_type=\"column\" data-e-type=\"column\">\n\t\t\t<div class=\"elementor-widget-wrap\">\n\t\t\t\t\t\t\t<\/div>\n\t\t<\/div>\n\t\t\t\t\t<\/div>\n\t\t<\/section>\n\t\t\t\t<section class=\"elementor-section elementor-top-section elementor-element elementor-element-5cd3c93 elementor-section-boxed elementor-section-height-default elementor-section-height-default\" data-id=\"5cd3c93\" data-element_type=\"section\" data-e-type=\"section\">\n\t\t\t\t\t\t<div class=\"elementor-container elementor-column-gap-default\">\n\t\t\t\t\t<div class=\"elementor-column elementor-col-100 elementor-top-column elementor-element elementor-element-57714ab\" data-id=\"57714ab\" data-element_type=\"column\" data-e-type=\"column\">\n\t\t\t<div class=\"elementor-widget-wrap elementor-element-populated\">\n\t\t\t\t\t\t<div class=\"elementor-element elementor-element-9dd5e75 elementor-widget elementor-widget-heading\" data-id=\"9dd5e75\" data-element_type=\"widget\" data-e-type=\"widget\" data-widget_type=\"heading.default\">\n\t\t\t\t<div class=\"elementor-widget-container\">\n\t\t\t\t\t<h1 class=\"elementor-heading-title elementor-size-default\">Nos conditions g\u00e9n\u00e9rales de vente<\/h1>\t\t\t\t<\/div>\n\t\t\t\t<\/div>\n\t\t\t\t\t<\/div>\n\t\t<\/div>\n\t\t\t\t\t<\/div>\n\t\t<\/section>\n\t\t\t\t<section class=\"elementor-section elementor-top-section elementor-element elementor-element-e31d749 elementor-section-boxed elementor-section-height-default elementor-section-height-default\" data-id=\"e31d749\" data-element_type=\"section\" data-e-type=\"section\" data-settings=\"{&quot;background_background&quot;:&quot;classic&quot;}\">\n\t\t\t\t\t\t<div class=\"elementor-container elementor-column-gap-default\">\n\t\t\t\t\t<div class=\"elementor-column elementor-col-100 elementor-top-column elementor-element elementor-element-6ab8b05\" data-id=\"6ab8b05\" data-element_type=\"column\" data-e-type=\"column\">\n\t\t\t<div class=\"elementor-widget-wrap elementor-element-populated\">\n\t\t\t\t\t\t<div class=\"elementor-element elementor-element-c9dd3aa elementor-widget elementor-widget-text-editor\" data-id=\"c9dd3aa\" data-element_type=\"widget\" data-e-type=\"widget\" data-widget_type=\"text-editor.default\">\n\t\t\t\t<div class=\"elementor-widget-container\">\n\t\t\t\t\t\t\t\t\t<p><strong>Conditions g\u00e9n\u00e9rales de vente et informations aux clients<\/strong><\/p>\n<p><strong>I. Conditions g\u00e9n\u00e9rales de vente<\/strong><\/p>\n<p><strong>\u00a7 1 Dispositions de base<\/strong><\/p>\n<p><strong>(1)<\/strong>&nbsp;Les conditions g\u00e9n\u00e9rales de vente suivantes s&#8217;appliquent aux contrats que vous concluez avec nous en tant que fournisseur.&nbsp;<strong>(Ralf Natale)<\/strong>&nbsp;via le site Internet www.moroccancitrus.de. Sauf accord contraire, l&#8217;int\u00e9gration de conditions propres \u00e9ventuellement utilis\u00e9es par vous est refus\u00e9e.<\/p>\n<p><strong>(2)<\/strong>&nbsp;Le consommateur, au sens des dispositions ci-apr\u00e8s, est toute personne physique qui conclut un acte juridique \u00e0 des fins qui, pour l&#8217;essentiel, ne peuvent \u00eatre imput\u00e9es ni \u00e0 son activit\u00e9 commerciale ni \u00e0 son activit\u00e9 professionnelle ind\u00e9pendante. L&#8217;entrepreneur est toute personne physique ou morale ou toute soci\u00e9t\u00e9 de personnes ayant la capacit\u00e9 juridique qui, lors de la conclusion d&#8217;un acte juridique, agit dans l&#8217;exercice de son activit\u00e9 professionnelle ind\u00e9pendante ou commerciale.<\/p>\n<p><strong>\u00a7 2 Formation du contrat<\/strong><\/p>\n<p><strong>(1)<\/strong>&nbsp;L&#8217;objet du contrat est la vente de marchandises&nbsp;.<\/p>\n<p><strong>(2)<\/strong>&nbsp;D\u00e8s la mise en ligne du produit concern\u00e9 sur notre site Internet, nous vous soumettons une offre ferme de conclusion d&#8217;un contrat via le syst\u00e8me de panier en ligne aux conditions indiqu\u00e9es dans la description de l&#8217;article.&nbsp;<\/p>\n<p><strong>(3)<\/strong>&nbsp;Le contrat est conclu via le syst\u00e8me de panier d&#8217;achat en ligne de la mani\u00e8re suivante :<br>Les marchandises envisag\u00e9es pour l&#8217;achat&nbsp;&nbsp;sont plac\u00e9s dans le &#8220;panier&#8221;. Le bouton correspondant dans la barre de navigation vous permet d&#8217;acc\u00e9der au &#8220;panier&#8221; et d&#8217;y apporter des modifications \u00e0 tout moment.<br>Apr\u00e8s avoir cliqu\u00e9 sur le bouton &#8220;Caisse&#8221; ou&nbsp;&#8220;Continuer la commande&#8221;.&nbsp;&nbsp;(ou d\u00e9signation similaire)&nbsp;et la saisie des donn\u00e9es personnelles ainsi que des conditions de paiement et d&#8217;exp\u00e9dition, les donn\u00e9es de la commande s&#8217;affichent finalement sous forme d&#8217;aper\u00e7u de la commande.<\/p>\n<p>Si vous utilisez un syst\u00e8me de paiement imm\u00e9diat (par ex. PayPal&nbsp;(Express\/Plus\/Checkout), Amazon Pay, Sofort, giropay)&nbsp;comme mode de paiement, vous serez soit dirig\u00e9 vers la page d&#8217;aper\u00e7u de la commande dans notre boutique en ligne, soit redirig\u00e9 vers la page Internet du fournisseur du syst\u00e8me de paiement imm\u00e9diat.<br>Si vous \u00eates redirig\u00e9 vers le syst\u00e8me de paiement imm\u00e9diat correspondant, vous devez y effectuer la s\u00e9lection ou la saisie correspondante de vos donn\u00e9es. Enfin, sur la page Internet du fournisseur du syst\u00e8me de paiement imm\u00e9diat ou apr\u00e8s avoir \u00e9t\u00e9 redirig\u00e9 vers notre boutique en ligne, les donn\u00e9es de la commande s&#8217;affichent sous forme de r\u00e9capitulatif de la commande.<\/p>\n<p>Avant d&#8217;envoyer la commande, vous avez la possibilit\u00e9 de v\u00e9rifier \u00e0 nouveau les donn\u00e9es dans l&#8217;aper\u00e7u de la commande, de les modifier (\u00e9galement via la fonction &#8220;retour&#8221; du navigateur Internet) ou d&#8217;annuler la commande.<\/p>\n<div>En envoyant la commande via le bouton correspondant (&#8220;commande avec obligation de paiement&#8221;, &#8220;acheter&#8221; \/ &#8220;acheter maintenant&#8221;, &#8220;commande payante&#8221;, &#8220;payer&#8221; \/ &#8220;payer maintenant&#8221; ou d\u00e9signation similaire), vous d\u00e9clarez de mani\u00e8re juridiquement contraignante l&#8217;acceptation de l&#8217;offre, ce qui entra\u00eene la conclusion du contrat.&nbsp;<\/div>\n<p><strong>(4)<\/strong>&nbsp;Vos demandes de devis sont sans engagement de votre part. Nous vous soumettons \u00e0 cet effet une offre ferme sous forme de texte (par ex. par e-mail), que vous pouvez accepter dans un d\u00e9lai de 5 jours (dans la mesure o\u00f9 aucun autre d\u00e9lai n&#8217;est indiqu\u00e9 dans l&#8217;offre concern\u00e9e).<\/p>\n<p><strong>(5)<\/strong>&nbsp;Le traitement de la commande et la transmission de toutes les informations n\u00e9cessaires \u00e0 la conclusion du contrat se font par e-mail, de mani\u00e8re partiellement automatis\u00e9e. Vous devez donc vous assurer que l&#8217;adresse e-mail que vous avez enregistr\u00e9e chez nous est correcte, que la r\u00e9ception des e-mails est techniquement garantie et qu&#8217;elle n&#8217;est notamment pas emp\u00each\u00e9e par des filtres SPAM.<\/p>\n<p><strong>\u00a7 3 Conventions particuli\u00e8res relatives aux modes de paiement propos\u00e9s<\/strong><\/p>\n<p><strong>(1)&nbsp;<\/strong><strong>Paiement via &#8220;PayPal&#8221; \/ &#8220;PayPal Checkout<\/strong><br>En cas de s\u00e9lection d&#8217;un mode de paiement propos\u00e9 par &#8220;PayPal&#8221; \/ &#8220;PayPal Checkout&#8221;, le traitement du paiement est effectu\u00e9 par le prestataire de services de paiement PayPal (Europe) S.\u00e0.r.l. et Cie, S.C.A. (22-24 Boulevard Royal L-2449, Luxembourg ; &#8220;PayPal&#8221;). Les diff\u00e9rents modes de paiement via &#8220;PayPal&#8221; vous sont indiqu\u00e9s sous un bouton d\u00e9sign\u00e9 en cons\u00e9quence sur notre site Internet ainsi que dans le processus de commande en ligne. Pour le traitement des paiements, &#8220;PayPal&#8221; peut avoir recours \u00e0 d&#8217;autres services de paiement ; dans la mesure o\u00f9 des conditions de paiement particuli\u00e8res s&#8217;appliquent, vous en serez inform\u00e9 s\u00e9par\u00e9ment. Vous trouverez de plus amples informations sur &#8220;PayPal&#8221; \u00e0 l&#8217;adresse suivante&nbsp;<a href=\"https:\/\/www.paypal.com\/de\/webapps\/mpp\/ua\/legalhub-full\" target=\"_blank\" rel=\"noopener\">https:\/\/www.paypal.com\/de\/webapps\/mpp\/ua\/legalhub-full.<\/a><\/p>\n<p><strong>\u00a7 4 Droit de r\u00e9tention<\/strong><strong>, r\u00e9serve de propri\u00e9t\u00e9<\/strong><\/p>\n<p><strong>(1)<\/strong>&nbsp;Vous ne pouvez exercer un droit de r\u00e9tention que dans la mesure o\u00f9 il s&#8217;agit de cr\u00e9ances issues du m\u00eame rapport contractuel.<\/p>\n<p><strong>(2)<\/strong>&nbsp;&nbsp;La marchandise reste notre propri\u00e9t\u00e9 jusqu&#8217;au paiement int\u00e9gral du prix d&#8217;achat.<\/p>\n<p><strong>(3)<\/strong>&nbsp; Si vous \u00eates un entrepreneur, les dispositions suivantes s&#8217;appliquent en compl\u00e9ment :<\/p>\n<p>a) Nous nous r\u00e9servons la propri\u00e9t\u00e9 de la marchandise jusqu&#8217;au r\u00e8glement complet de toutes les cr\u00e9ances r\u00e9sultant de la relation commerciale en cours. Avant le transfert de propri\u00e9t\u00e9 de la marchandise sous r\u00e9serve de propri\u00e9t\u00e9, une mise en gage ou un transfert de propri\u00e9t\u00e9 \u00e0 titre de garantie n&#8217;est pas autoris\u00e9.<\/p>\n<p>b) vous pouvez revendre les marchandises dans le cadre de vos activit\u00e9s commerciales ordinaires Dans ce cas, vous nous c\u00e9dez d&#8217;ores et d\u00e9j\u00e0 toutes les cr\u00e9ances \u00e0 hauteur du montant de la facture qui r\u00e9sultent pour vous de la revente, nous acceptons la cession. Vous restez autoris\u00e9 \u00e0 recouvrer la cr\u00e9ance. Si vous ne respectez pas vos obligations de paiement, nous nous r\u00e9servons toutefois le droit de recouvrer nous-m\u00eames la cr\u00e9ance.<\/p>\n<p>c) En cas d&#8217;association et de m\u00e9lange de la marchandise sous r\u00e9serve de propri\u00e9t\u00e9, nous acqu\u00e9rons la copropri\u00e9t\u00e9 de la nouvelle chose au prorata de la valeur factur\u00e9e de la marchandise sous r\u00e9serve de propri\u00e9t\u00e9 par rapport aux autres objets transform\u00e9s au moment de la transformation.<\/p>\n<p>d) Nous nous engageons \u00e0 lib\u00e9rer les garanties qui nous reviennent \u00e0 votre demande dans la mesure o\u00f9 la valeur r\u00e9alisable de nos garanties d\u00e9passe de plus de 10% la cr\u00e9ance \u00e0 garantir. Le choix des s\u00fbret\u00e9s \u00e0 lib\u00e9rer nous incombe.<\/p>\n<p><strong>\u00a7 5 Garantie<\/strong><\/p>\n<p><strong>(1)&nbsp;<\/strong>Les droits l\u00e9gaux en mati\u00e8re de responsabilit\u00e9 pour les d\u00e9fauts sont applicables.<\/p>\n<p><strong>(2)<\/strong>&nbsp;En tant que consommateur, vous \u00eates pri\u00e9 de v\u00e9rifier imm\u00e9diatement \u00e0 la livraison si la marchandise est compl\u00e8te, si elle pr\u00e9sente des d\u00e9fauts apparents et si elle a \u00e9t\u00e9 endommag\u00e9e pendant le transport, et de nous faire part, ainsi qu&#8217;au transporteur, de toute r\u00e9clamation dans les meilleurs d\u00e9lais. Si vous ne le faites pas, cela n&#8217;a aucun effet sur vos droits de garantie l\u00e9gaux.<\/p>\n<p><strong>(3)&nbsp;<\/strong>Dans la mesure o\u00f9 une caract\u00e9ristique de la marchandise diff\u00e8re des exigences objectives, la diff\u00e9rence n&#8217;est consid\u00e9r\u00e9e comme convenue que si vous en avez \u00e9t\u00e9 inform\u00e9 par nous avant la d\u00e9claration de contrat et si la diff\u00e9rence a \u00e9t\u00e9 convenue express\u00e9ment et s\u00e9par\u00e9ment entre les parties contractantes.<\/p>\n<p><strong>(4)<\/strong>&nbsp;Dans la mesure o\u00f9 vous \u00eates une entreprise, les dispositions suivantes s&#8217;appliquent par d\u00e9rogation aux r\u00e8gles de garantie susmentionn\u00e9es :<\/p>\n<p><strong>a)&nbsp;&nbsp;<\/strong>Seules nos propres indications et la description du produit par le fabricant sont consid\u00e9r\u00e9es comme convenues comme qualit\u00e9 de la marchandise, \u00e0 l&#8217;exclusion de toute autre publicit\u00e9, de tout \u00e9loge public et de toute d\u00e9claration du fabricant.<\/p>\n<p><strong>b)&nbsp;&nbsp;<\/strong>En cas de d\u00e9fauts, nous garantissons, \u00e0 notre choix, la r\u00e9paration ou la livraison ult\u00e9rieure.&nbsp;Si l&#8217;\u00e9limination des d\u00e9fauts \u00e9choue, vous pouvez, \u00e0 votre choix, exiger une r\u00e9duction du prix ou r\u00e9silier le contrat. L&#8217;\u00e9limination des d\u00e9fauts est consid\u00e9r\u00e9e comme ayant \u00e9chou\u00e9 apr\u00e8s une deuxi\u00e8me tentative infructueuse, sauf s&#8217;il en r\u00e9sulte autrement, notamment en raison de la nature de la marchandise ou du d\u00e9faut ou d&#8217;autres circonstances. En cas de r\u00e9paration, nous ne sommes pas tenus de prendre en charge les frais suppl\u00e9mentaires occasionn\u00e9s par le d\u00e9placement de la marchandise vers un lieu autre que le lieu d&#8217;ex\u00e9cution, dans la mesure o\u00f9 ce d\u00e9placement ne correspond pas \u00e0 l&#8217;utilisation pr\u00e9vue de la marchandise.<\/p>\n<p><strong>c) &nbsp;<\/strong>Le d\u00e9lai de garantie est d&#8217;un an \u00e0 compter de la livraison de la marchandise. Le raccourcissement des d\u00e9lais ne s&#8217;applique pas :<\/p>\n<p>&#8211; pour les dommages fautifs qui nous sont imputables et qui r\u00e9sultent d&#8217;une atteinte \u00e0 la vie, \u00e0 l&#8217;int\u00e9grit\u00e9 physique ou \u00e0 la sant\u00e9 et pour les autres dommages caus\u00e9s intentionnellement ou par n\u00e9gligence grave ;<br>&#8211; dans la mesure o\u00f9 nous avons dissimul\u00e9 dolosivement le d\u00e9faut ou pris en charge une garantie pour la qualit\u00e9 de la chose ;<br>&#8211; pour les choses qui ont \u00e9t\u00e9 utilis\u00e9es conform\u00e9ment \u00e0 leur mode d&#8217;utilisation habituel pour une construction et qui ont caus\u00e9 la d\u00e9fectuosit\u00e9 de celle-ci ;<br>&#8211; en cas de droits de recours l\u00e9gaux que vous avez contre nous en rapport avec des droits d\u00e9coulant de la constatation de vices.<\/p>\n<p><strong>\u00a7 6 Choix de la loi<\/strong><\/p>\n<p><strong>(1)&nbsp;<\/strong>&nbsp; Le droit allemand est applicable. Pour les consommateurs, ce choix de loi ne s&#8217;applique que dans la mesure o\u00f9 il ne prive pas de la protection accord\u00e9e par les dispositions imp\u00e9ratives de la loi du pays de r\u00e9sidence habituelle du consommateur (principe de faveur).<\/p>\n<p><strong>(2)<\/strong>&nbsp; Les dispositions de la Convention des Nations Unies sur les contrats de vente internationale de marchandises ne sont express\u00e9ment pas applicables.<\/p>\n<p><\/p>\n<hr>\n<p><strong>II. informations sur les clients<\/strong><\/p>\n<p><strong>1. l&#8217;identit\u00e9 du vendeur<\/strong><\/p>\n<p>Ralf Natale<br>Im Oberried 15<br>61194 Niddatal<br>Allemagne<br>T\u00e9l\u00e9phone : +49 179 39 23 757<br>Courrier \u00e9lectronique : ralf.natale@moroccancitrus.de<\/p>\n<p><strong>R\u00e8glement alternatif des litiges :<\/strong><br>La Commission europ\u00e9enne met \u00e0 disposition une plateforme de r\u00e8glement extrajudiciaire des litiges en ligne (plateforme RLL), accessible \u00e0 l&#8217;adresse suivante&nbsp;<a href=\"https:\/\/ec.europa.eu\/odr\" target=\"_blank\" rel=\"noopener\">https:\/\/ec.europa.eu\/odr.<\/a><\/p>\n<p><strong>2. informations sur la conclusion du contrat<\/strong><\/p>\n<p>Les \u00e9tapes techniques de la conclusion du contrat, la conclusion du contrat elle-m\u00eame et les possibilit\u00e9s de correction s&#8217;effectuent conform\u00e9ment aux dispositions &#8220;R\u00e9alisation du contrat&#8221; de nos conditions g\u00e9n\u00e9rales de vente (partie I).<\/p>\n<p><strong>3. langue du contrat, enregistrement du texte du contrat<\/strong><\/p>\n<p>3.1. La langue du contrat est l&#8217;allemand&nbsp;.<\/p>\n<p>3.2. Nous ne conservons pas le texte int\u00e9gral du contrat. Avant d&#8217;envoyer la commande&nbsp;via le syst\u00e8me de panier d&#8217;achat en ligne&nbsp;&nbsp;les donn\u00e9es contractuelles peuvent \u00eatre imprim\u00e9es ou sauvegard\u00e9es \u00e9lectroniquement \u00e0 l&#8217;aide de la fonction d&#8217;impression du navigateur. Apr\u00e8s r\u00e9ception de la commande par nos soins, les donn\u00e9es de la commande, les informations prescrites par la loi en cas de contrats de vente \u00e0 distance et les conditions g\u00e9n\u00e9rales de vente vous seront envoy\u00e9es une nouvelle fois par e-mail.<\/p>\n<p>3.3. En cas de demande d&#8217;offre en dehors du syst\u00e8me de panier d&#8217;achat en ligne, vous recevez toutes les donn\u00e9es contractuelles dans le cadre d&#8217;une offre ferme sous forme de texte, par exemple par e-mail, que vous pouvez imprimer ou sauvegarder \u00e9lectroniquement.<\/p>\n<p><strong>4. les codes de conduite<\/strong><\/p>\n<p>4.1. Nous nous sommes soumis aux crit\u00e8res de qualit\u00e9 du label d&#8217;acheteur de la soci\u00e9t\u00e9 H\u00e4ndlerbund Management AG, consultables \u00e0 l&#8217;adresse suivante :&nbsp;<a href=\"https:\/\/www.haendlerbund.de\/de\/downloads\/kaeufersiegel\/kaeufersiegel-zertifizierungskriterien.pdf\" target=\"_blank\" rel=\"noopener\" data-saferedirecturl=\"https:\/\/www.google.com\/url?q=https:\/\/www.haendlerbund.de\/de\/downloads\/kaeufersiegel\/kaeufersiegel-zertifizierungskriterien.pdf&amp;source=gmail&amp;ust=1595571225131000&amp;usg=AFQjCNFe5mk3H_qoqXPKQq9eTI32jhhuHg\"><wbr><wbr><wbr>https:\/\/www.haendlerbund.de\/de\/downloads\/kaeufersiegel\/kaeufersiegel-zertifizierungskriterien.pdf.<\/wbr><\/wbr><\/wbr><\/a><\/p>\n<p><strong>5. caract\u00e9ristiques essentielles du produit ou du service<\/strong><\/p>\n<p>Les caract\u00e9ristiques essentielles du produit et\/ou du service figurent dans l&#8217;offre correspondante.<\/p>\n<p><strong>6. prix et modalit\u00e9s de paiement<\/strong><\/p>\n<p>6.1. Les prix indiqu\u00e9s dans les offres respectives ainsi que les frais d&#8217;exp\u00e9dition constituent des prix globaux. Ils incluent tous les \u00e9l\u00e9ments du prix, y compris toutes les taxes applicables.<\/p>\n<p>6.2. Les frais d&#8217;exp\u00e9dition ne sont pas compris dans le prix d&#8217;achat.&nbsp;Ils sont accessibles via un bouton d\u00e9sign\u00e9 \u00e0 cet effet sur notre site Internet ou dans l&#8217;offre correspondante,&nbsp;sont indiqu\u00e9s s\u00e9par\u00e9ment au cours du processus de commande et sont \u00e0 votre charge en sus, sauf si la livraison sans frais d&#8217;exp\u00e9dition est promise.<\/p>\n<p>6.3. Les modes de paiement \u00e0 votre disposition&nbsp;sont indiqu\u00e9s sous un bouton d\u00e9sign\u00e9 en cons\u00e9quence sur notre site Internet ou dans l&#8217;offre correspondante.<\/p>\n<p>6.4. Sauf indication contraire dans les diff\u00e9rents modes de paiement, les droits au paiement d\u00e9coulant du contrat conclu sont imm\u00e9diatement exigibles.<\/p>\n<p><strong>7. conditions de livraison<\/strong><\/p>\n<p>7.1. Les conditions de livraison, le d\u00e9lai de livraison ainsi que les \u00e9ventuelles restrictions de livraison sont indiqu\u00e9s sous un bouton correspondant sur notre site Internet ou dans l&#8217;offre correspondante.<\/p>\n<p>7.2. Si vous \u00eates un consommateur, la loi pr\u00e9voit que le risque de perte ou de d\u00e9t\u00e9rioration accidentelle de la marchandise vendue pendant l&#8217;exp\u00e9dition ne vous est transf\u00e9r\u00e9 qu&#8217;au moment de la remise de la marchandise, que l&#8217;exp\u00e9dition soit assur\u00e9e ou non. Cela ne s&#8217;applique pas si vous avez mandat\u00e9 de votre propre chef une entreprise de transport non d\u00e9sign\u00e9e par l&#8217;entrepreneur ou une autre personne charg\u00e9e d&#8217;effectuer l&#8217;exp\u00e9dition.<\/p>\n<p>Si vous \u00eates entrepreneur, la livraison et l&#8217;exp\u00e9dition se font \u00e0 vos risques et p\u00e9rils.<\/p>\n<p><strong>8. droit l\u00e9gal de la responsabilit\u00e9 pour vices<\/strong><\/p>\n<p>La responsabilit\u00e9 en cas de d\u00e9faut est r\u00e9gie par le r\u00e8glement &#8220;Garantie&#8221; de nos conditions g\u00e9n\u00e9rales de vente (partie I).<\/p>\n<p>Ces CGV et informations clients ont \u00e9t\u00e9 r\u00e9dig\u00e9es par les juristes de l&#8217;association des commer\u00e7ants (H\u00e4ndlerbund) sp\u00e9cialis\u00e9s dans le droit des technologies de l&#8217;information et sont contr\u00f4l\u00e9es en permanence quant \u00e0 leur conformit\u00e9 avec la loi. La soci\u00e9t\u00e9 H\u00e4ndlerbund Management AG garantit la s\u00e9curit\u00e9 juridique des textes et est responsable en cas de mise en demeure. Vous trouverez de plus amples informations \u00e0 ce sujet sur le site :&nbsp;<a href=\"https:\/\/www.haendlerbund.de\/de\/leistungen\/rechtssicherheit\/agb-service\" target=\"_blank\" rel=\"noopener\" data-saferedirecturl=\"https:\/\/www.google.com\/url?q=https:\/\/www.haendlerbund.de\/de\/leistungen\/rechtssicherheit\/agb-service&amp;source=gmail&amp;ust=1595571225131000&amp;usg=AFQjCNFRXstfsBqXtZxEv0RC9XDgevh1EQ\"><wbr><wbr>https:\/\/www.haendlerbund.de\/de\/leistungen\/rechtssicherheit\/agb-service.<\/wbr><\/wbr><\/a><\/p>\n<p>derni\u00e8re mise \u00e0 jour :&nbsp;01.01.2022<\/p>\t\t\t\t\t\t\t\t<\/div>\n\t\t\t\t<\/div>\n\t\t\t\t\t<\/div>\n\t\t<\/div>\n\t\t\t\t\t<\/div>\n\t\t<\/section>\n\t\t\t\t<\/div>\n\t\t","protected":false},"excerpt":{"rendered":"<p>Nos conditions g\u00e9n\u00e9rales de vente Conditions g\u00e9n\u00e9rales de vente et informations aux clients I. Conditions g\u00e9n\u00e9rales de vente \u00a7 1 Dispositions de base (1)&nbsp;Les conditions g\u00e9n\u00e9rales de vente suivantes s&#8217;appliquent aux contrats que vous concluez avec nous en tant que fournisseur.&nbsp;(Ralf Natale)&nbsp;via le site Internet www.moroccancitrus.de. Sauf accord contraire, l&#8217;int\u00e9gration de conditions propres \u00e9ventuellement utilis\u00e9es [&hellip;]<\/p>\n","protected":false},"author":1,"featured_media":0,"parent":0,"menu_order":0,"comment_status":"closed","ping_status":"closed","template":"elementor_header_footer","meta":{"footnotes":""},"class_list":["post-3377","page","type-page","status-publish","hentry"],"jetpack_sharing_enabled":true,"_links":{"self":[{"href":"https:\/\/moroccancitrus.de\/fr\/wp-json\/wp\/v2\/pages\/3377","targetHints":{"allow":["GET"]}}],"collection":[{"href":"https:\/\/moroccancitrus.de\/fr\/wp-json\/wp\/v2\/pages"}],"about":[{"href":"https:\/\/moroccancitrus.de\/fr\/wp-json\/wp\/v2\/types\/page"}],"author":[{"embeddable":true,"href":"https:\/\/moroccancitrus.de\/fr\/wp-json\/wp\/v2\/users\/1"}],"replies":[{"embeddable":true,"href":"https:\/\/moroccancitrus.de\/fr\/wp-json\/wp\/v2\/comments?post=3377"}],"version-history":[{"count":2,"href":"https:\/\/moroccancitrus.de\/fr\/wp-json\/wp\/v2\/pages\/3377\/revisions"}],"predecessor-version":[{"id":3654,"href":"https:\/\/moroccancitrus.de\/fr\/wp-json\/wp\/v2\/pages\/3377\/revisions\/3654"}],"wp:attachment":[{"href":"https:\/\/moroccancitrus.de\/fr\/wp-json\/wp\/v2\/media?parent=3377"}],"curies":[{"name":"wp","href":"https:\/\/api.w.org\/{rel}","templated":true}]}}